{"id":618,"date":"2021-03-25T16:44:50","date_gmt":"2021-03-25T15:44:50","guid":{"rendered":"https:\/\/steampunk-jg.fr\/?page_id=618"},"modified":"2021-03-28T16:16:01","modified_gmt":"2021-03-28T14:16:01","slug":"deregleur-dorbite-planetaire","status":"publish","type":"page","link":"https:\/\/steampunk-jg.fr\/index.php\/deregleur-dorbite-planetaire\/","title":{"rendered":"D\u00e9r\u00e8gleur d&rsquo;orbite plan\u00e9taire"},"content":{"rendered":"\n<h2 class=\"has-luminous-vivid-amber-color has-text-color wp-block-heading\"><span class=\"so-premium-web-font\" data-web-font-module=\"google\" data-font-info=\"{&quot;font&quot;:&quot;Ledger&quot;,&quot;webfont&quot;:true,&quot;variant&quot;:null,&quot;module&quot;:&quot;google&quot;}\" style=\"font-family: Ledger;\">Dimensions de la Sculpture : 25cm de haut<\/span>, 30cm de long<\/h2>\n\n\n\n<p><\/p>\n\n\n\n<h1 class=\"has-luminous-vivid-amber-color has-text-color has-medium-font-size wp-block-heading\"><\/h1>\n\n\n\n<figure class=\"wp-block-image size-large\"><img fetchpriority=\"high\" decoding=\"async\" width=\"1024\" height=\"855\" src=\"https:\/\/steampunk-jg.fr\/wp-content\/uploads\/2021\/03\/DSCF4166-1-1024x855.jpg\" alt=\"\" class=\"wp-image-745\" srcset=\"https:\/\/steampunk-jg.fr\/wp-content\/uploads\/2021\/03\/DSCF4166-1-1024x855.jpg 1024w, https:\/\/steampunk-jg.fr\/wp-content\/uploads\/2021\/03\/DSCF4166-1-300x250.jpg 300w, https:\/\/steampunk-jg.fr\/wp-content\/uploads\/2021\/03\/DSCF4166-1-768x641.jpg 768w, https:\/\/steampunk-jg.fr\/wp-content\/uploads\/2021\/03\/DSCF4166-1-1536x1282.jpg 1536w, https:\/\/steampunk-jg.fr\/wp-content\/uploads\/2021\/03\/DSCF4166-1-2048x1710.jpg 2048w\" sizes=\"(max-width: 1024px) 100vw, 1024px\" \/><\/figure>\n\n\n\n<figure class=\"wp-block-image size-large\"><img decoding=\"async\" width=\"1024\" height=\"832\" src=\"https:\/\/steampunk-jg.fr\/wp-content\/uploads\/2021\/03\/DSCF4164-1024x832.jpg\" alt=\"\" class=\"wp-image-747\" srcset=\"https:\/\/steampunk-jg.fr\/wp-content\/uploads\/2021\/03\/DSCF4164-1024x832.jpg 1024w, https:\/\/steampunk-jg.fr\/wp-content\/uploads\/2021\/03\/DSCF4164-300x244.jpg 300w, https:\/\/steampunk-jg.fr\/wp-content\/uploads\/2021\/03\/DSCF4164-768x624.jpg 768w, https:\/\/steampunk-jg.fr\/wp-content\/uploads\/2021\/03\/DSCF4164-1536x1248.jpg 1536w, https:\/\/steampunk-jg.fr\/wp-content\/uploads\/2021\/03\/DSCF4164-2048x1664.jpg 2048w\" sizes=\"(max-width: 1024px) 100vw, 1024px\" \/><\/figure>\n\n\n\n<figure class=\"wp-block-image size-large\"><img decoding=\"async\" width=\"1024\" height=\"683\" src=\"https:\/\/steampunk-jg.fr\/wp-content\/uploads\/2021\/03\/DSCF4168-1024x683.jpg\" alt=\"\" class=\"wp-image-748\" srcset=\"https:\/\/steampunk-jg.fr\/wp-content\/uploads\/2021\/03\/DSCF4168-1024x683.jpg 1024w, https:\/\/steampunk-jg.fr\/wp-content\/uploads\/2021\/03\/DSCF4168-300x200.jpg 300w, https:\/\/steampunk-jg.fr\/wp-content\/uploads\/2021\/03\/DSCF4168-768x512.jpg 768w, https:\/\/steampunk-jg.fr\/wp-content\/uploads\/2021\/03\/DSCF4168-1536x1024.jpg 1536w, https:\/\/steampunk-jg.fr\/wp-content\/uploads\/2021\/03\/DSCF4168-2048x1365.jpg 2048w, https:\/\/steampunk-jg.fr\/wp-content\/uploads\/2021\/03\/DSCF4168-272x182.jpg 272w\" sizes=\"(max-width: 1024px) 100vw, 1024px\" \/><\/figure>\n\n\n\n<figure class=\"wp-block-image size-large\"><img loading=\"lazy\" decoding=\"async\" width=\"1024\" height=\"683\" src=\"https:\/\/steampunk-jg.fr\/wp-content\/uploads\/2021\/03\/DSCF3942-1024x683.jpg\" alt=\"\" class=\"wp-image-411\" srcset=\"https:\/\/steampunk-jg.fr\/wp-content\/uploads\/2021\/03\/DSCF3942-1024x683.jpg 1024w, https:\/\/steampunk-jg.fr\/wp-content\/uploads\/2021\/03\/DSCF3942-300x200.jpg 300w, https:\/\/steampunk-jg.fr\/wp-content\/uploads\/2021\/03\/DSCF3942-768x512.jpg 768w, https:\/\/steampunk-jg.fr\/wp-content\/uploads\/2021\/03\/DSCF3942-1536x1024.jpg 1536w, https:\/\/steampunk-jg.fr\/wp-content\/uploads\/2021\/03\/DSCF3942-2048x1365.jpg 2048w, https:\/\/steampunk-jg.fr\/wp-content\/uploads\/2021\/03\/DSCF3942-272x182.jpg 272w\" sizes=\"(max-width: 1024px) 100vw, 1024px\" \/><\/figure>\n\n\n\n<figure class=\"wp-block-image size-large\"><img loading=\"lazy\" decoding=\"async\" width=\"983\" height=\"1024\" src=\"https:\/\/steampunk-jg.fr\/wp-content\/uploads\/2021\/03\/DSCF4165-983x1024.jpg\" alt=\"\" class=\"wp-image-749\" srcset=\"https:\/\/steampunk-jg.fr\/wp-content\/uploads\/2021\/03\/DSCF4165-983x1024.jpg 983w, https:\/\/steampunk-jg.fr\/wp-content\/uploads\/2021\/03\/DSCF4165-288x300.jpg 288w, https:\/\/steampunk-jg.fr\/wp-content\/uploads\/2021\/03\/DSCF4165-768x800.jpg 768w, https:\/\/steampunk-jg.fr\/wp-content\/uploads\/2021\/03\/DSCF4165-1474x1536.jpg 1474w, https:\/\/steampunk-jg.fr\/wp-content\/uploads\/2021\/03\/DSCF4165-1965x2048.jpg 1965w\" sizes=\"(max-width: 983px) 100vw, 983px\" \/><\/figure>\n","protected":false},"excerpt":{"rendered":"<p>Dimensions de la Sculpture : 25cm de haut, 30cm de long<\/p>\n","protected":false},"author":1,"featured_media":0,"parent":0,"menu_order":0,"comment_status":"closed","ping_status":"closed","template":"","meta":{"footnotes":""},"class_list":["post-618","page","type-page","status-publish","hentry"],"colors":{"color":"cac3b8","contrast":"0,0,0","custom":false},"jetpack_sharing_enabled":true,"_links":{"self":[{"href":"https:\/\/steampunk-jg.fr\/index.php\/wp-json\/wp\/v2\/pages\/618","targetHints":{"allow":["GET"]}}],"collection":[{"href":"https:\/\/steampunk-jg.fr\/index.php\/wp-json\/wp\/v2\/pages"}],"about":[{"href":"https:\/\/steampunk-jg.fr\/index.php\/wp-json\/wp\/v2\/types\/page"}],"author":[{"embeddable":true,"href":"https:\/\/steampunk-jg.fr\/index.php\/wp-json\/wp\/v2\/users\/1"}],"replies":[{"embeddable":true,"href":"https:\/\/steampunk-jg.fr\/index.php\/wp-json\/wp\/v2\/comments?post=618"}],"version-history":[{"count":0,"href":"https:\/\/steampunk-jg.fr\/index.php\/wp-json\/wp\/v2\/pages\/618\/revisions"}],"wp:attachment":[{"href":"https:\/\/steampunk-jg.fr\/index.php\/wp-json\/wp\/v2\/media?parent=618"}],"curies":[{"name":"wp","href":"https:\/\/api.w.org\/{rel}","templated":true}]}}