{"id":523,"date":"2021-03-24T17:28:49","date_gmt":"2021-03-24T16:28:49","guid":{"rendered":"https:\/\/steampunk-jg.fr\/?page_id=523"},"modified":"2021-04-12T16:56:32","modified_gmt":"2021-04-12T14:56:32","slug":"serie-sculptures-a-coffrets","status":"publish","type":"page","link":"https:\/\/steampunk-jg.fr\/index.php\/serie-sculptures-a-coffrets\/","title":{"rendered":"s\u00e9rie sculptures \u00e0 coffrets"},"content":{"rendered":"\n<p class=\"has-text-align-center has-luminous-vivid-amber-color has-black-background-color has-text-color has-background has-medium-font-size\" style=\"line-height:1.1\"><strong>Locomotive Box <\/strong>    <strong> <\/strong>Cliquez sur l&rsquo;image    <\/p>\n\n\n\n<figure class=\"wp-block-image size-large is-style-default\"><a href=\"https:\/\/steampunk-jg.fr\/index.php\/locomotive-box-2\/\"><img fetchpriority=\"high\" decoding=\"async\" width=\"1024\" height=\"864\" src=\"https:\/\/steampunk-jg.fr\/wp-content\/uploads\/2021\/03\/DSCF3902-1024x864.jpg\" alt=\"\" class=\"wp-image-258\" srcset=\"https:\/\/steampunk-jg.fr\/wp-content\/uploads\/2021\/03\/DSCF3902-1024x864.jpg 1024w, https:\/\/steampunk-jg.fr\/wp-content\/uploads\/2021\/03\/DSCF3902-300x253.jpg 300w, https:\/\/steampunk-jg.fr\/wp-content\/uploads\/2021\/03\/DSCF3902-768x648.jpg 768w, https:\/\/steampunk-jg.fr\/wp-content\/uploads\/2021\/03\/DSCF3902-1536x1296.jpg 1536w, https:\/\/steampunk-jg.fr\/wp-content\/uploads\/2021\/03\/DSCF3902-2048x1728.jpg 2048w\" sizes=\"(max-width: 1024px) 100vw, 1024px\" \/><\/a><\/figure>\n\n\n\n<p class=\"has-luminous-vivid-amber-color has-black-background-color has-text-color has-background has-medium-font-size\" style=\"line-height:1.1\"><strong>Zoescope cin\u00e9matographe    <\/strong> Cliquez sur l&rsquo;image<\/p>\n\n\n\n<figure class=\"wp-block-image size-large\"><a href=\"https:\/\/steampunk-jg.fr\/wp-admin\/post.php?post=502&amp;action=edit\"><img decoding=\"async\" width=\"1024\" height=\"1024\" src=\"https:\/\/steampunk-jg.fr\/wp-content\/uploads\/2021\/03\/DSCF4121-2-1024x1024.jpg\" alt=\"\" class=\"wp-image-720\" srcset=\"https:\/\/steampunk-jg.fr\/wp-content\/uploads\/2021\/03\/DSCF4121-2-1024x1024.jpg 1024w, https:\/\/steampunk-jg.fr\/wp-content\/uploads\/2021\/03\/DSCF4121-2-300x300.jpg 300w, https:\/\/steampunk-jg.fr\/wp-content\/uploads\/2021\/03\/DSCF4121-2-150x150.jpg 150w, https:\/\/steampunk-jg.fr\/wp-content\/uploads\/2021\/03\/DSCF4121-2-768x767.jpg 768w, https:\/\/steampunk-jg.fr\/wp-content\/uploads\/2021\/03\/DSCF4121-2-1536x1534.jpg 1536w, https:\/\/steampunk-jg.fr\/wp-content\/uploads\/2021\/03\/DSCF4121-2-2048x2045.jpg 2048w, https:\/\/steampunk-jg.fr\/wp-content\/uploads\/2021\/03\/DSCF4121-2-100x100.jpg 100w\" sizes=\"(max-width: 1024px) 100vw, 1024px\" \/><\/a><\/figure>\n\n\n\n<p class=\"has-luminous-vivid-amber-color has-black-background-color has-text-color has-background has-medium-font-size\" style=\"line-height:1.2\"><strong>Nautilus<\/strong>  Cliquez sur l&rsquo;image<\/p>\n\n\n\n<figure class=\"wp-block-image size-large\"><a href=\"https:\/\/steampunk-jg.fr\/index.php\/locomotive-box\/\"><img decoding=\"async\" width=\"1024\" height=\"883\" src=\"https:\/\/steampunk-jg.fr\/wp-content\/uploads\/2021\/03\/DSCF4054-1-1024x883.jpg\" alt=\"\" class=\"wp-image-463\" srcset=\"https:\/\/steampunk-jg.fr\/wp-content\/uploads\/2021\/03\/DSCF4054-1-1024x883.jpg 1024w, https:\/\/steampunk-jg.fr\/wp-content\/uploads\/2021\/03\/DSCF4054-1-300x259.jpg 300w, https:\/\/steampunk-jg.fr\/wp-content\/uploads\/2021\/03\/DSCF4054-1-768x662.jpg 768w, https:\/\/steampunk-jg.fr\/wp-content\/uploads\/2021\/03\/DSCF4054-1-1536x1325.jpg 1536w, https:\/\/steampunk-jg.fr\/wp-content\/uploads\/2021\/03\/DSCF4054-1-2048x1767.jpg 2048w\" sizes=\"(max-width: 1024px) 100vw, 1024px\" \/><\/a><\/figure>\n\n\n\n<p class=\"has-luminous-vivid-amber-color has-black-background-color has-text-color has-background has-medium-font-size\" style=\"line-height:1.1\"><strong>SuperFulgur Quantique<\/strong>   Cliquez sur l&rsquo;image<\/p>\n\n\n\n<figure class=\"wp-block-image size-large\"><a href=\"https:\/\/steampunk-jg.fr\/index.php\/superfulgur-quantique\/\"><img loading=\"lazy\" decoding=\"async\" width=\"683\" height=\"1024\" src=\"https:\/\/steampunk-jg.fr\/wp-content\/uploads\/2021\/03\/DSCF4128-3-683x1024.jpg\" alt=\"\" class=\"wp-image-721\" srcset=\"https:\/\/steampunk-jg.fr\/wp-content\/uploads\/2021\/03\/DSCF4128-3-683x1024.jpg 683w, https:\/\/steampunk-jg.fr\/wp-content\/uploads\/2021\/03\/DSCF4128-3-200x300.jpg 200w, https:\/\/steampunk-jg.fr\/wp-content\/uploads\/2021\/03\/DSCF4128-3-768x1152.jpg 768w, https:\/\/steampunk-jg.fr\/wp-content\/uploads\/2021\/03\/DSCF4128-3-1024x1536.jpg 1024w, https:\/\/steampunk-jg.fr\/wp-content\/uploads\/2021\/03\/DSCF4128-3-1365x2048.jpg 1365w, https:\/\/steampunk-jg.fr\/wp-content\/uploads\/2021\/03\/DSCF4128-3-scaled.jpg 1707w\" sizes=\"(max-width: 683px) 100vw, 683px\" \/><\/a><\/figure>\n\n\n\n<p class=\"has-luminous-vivid-amber-color has-black-background-color has-text-color has-background has-medium-font-size\" style=\"line-height:1.2\"><strong>Boite oeufoscopique \u00e0 compteur<\/strong>  Cliquez sur l&rsquo;image<\/p>\n\n\n\n<figure class=\"wp-block-image size-large\"><a href=\"https:\/\/steampunk-jg.fr\/index.php\/boite-oeufoscopique-a-compteur\/\"><img loading=\"lazy\" decoding=\"async\" width=\"949\" height=\"1024\" src=\"https:\/\/steampunk-jg.fr\/wp-content\/uploads\/2021\/03\/DSCF4195-949x1024.jpg\" alt=\"\" class=\"wp-image-801\" srcset=\"https:\/\/steampunk-jg.fr\/wp-content\/uploads\/2021\/03\/DSCF4195-949x1024.jpg 949w, https:\/\/steampunk-jg.fr\/wp-content\/uploads\/2021\/03\/DSCF4195-278x300.jpg 278w, https:\/\/steampunk-jg.fr\/wp-content\/uploads\/2021\/03\/DSCF4195-768x829.jpg 768w, https:\/\/steampunk-jg.fr\/wp-content\/uploads\/2021\/03\/DSCF4195-1424x1536.jpg 1424w, https:\/\/steampunk-jg.fr\/wp-content\/uploads\/2021\/03\/DSCF4195-1898x2048.jpg 1898w\" sizes=\"(max-width: 949px) 100vw, 949px\" \/><\/a><\/figure>\n\n\n\n<p class=\"has-luminous-vivid-amber-color has-black-background-color has-text-color has-background has-medium-font-size\"><strong>Boite \u00e9checs de voyage<\/strong>   Cliquez sur l&rsquo;image<\/p>\n\n\n\n<figure class=\"wp-block-image size-large\"><a href=\"https:\/\/steampunk-jg.fr\/index.php\/boite-jeu-dechecs-de-voyage\/\"><img loading=\"lazy\" decoding=\"async\" width=\"1024\" height=\"848\" src=\"https:\/\/steampunk-jg.fr\/wp-content\/uploads\/2021\/03\/DSCF3995-1024x848.jpg\" alt=\"\" class=\"wp-image-300\" srcset=\"https:\/\/steampunk-jg.fr\/wp-content\/uploads\/2021\/03\/DSCF3995-1024x848.jpg 1024w, https:\/\/steampunk-jg.fr\/wp-content\/uploads\/2021\/03\/DSCF3995-300x249.jpg 300w, https:\/\/steampunk-jg.fr\/wp-content\/uploads\/2021\/03\/DSCF3995-768x636.jpg 768w, https:\/\/steampunk-jg.fr\/wp-content\/uploads\/2021\/03\/DSCF3995-1536x1272.jpg 1536w, https:\/\/steampunk-jg.fr\/wp-content\/uploads\/2021\/03\/DSCF3995-2048x1696.jpg 2048w\" sizes=\"(max-width: 1024px) 100vw, 1024px\" \/><\/a><\/figure>\n\n\n\n<p><\/p>\n\n\n\n<p class=\"has-luminous-vivid-amber-color has-black-background-color has-text-color has-background has-normal-font-size\" style=\"line-height:1.2\"><strong>Porte  mini d\u00e9s \u00e0 oursin<\/strong>  Cliquez sur l&rsquo;image<\/p>\n\n\n\n<figure class=\"wp-block-image size-large\"><a href=\"https:\/\/steampunk-jg.fr\/index.php\/porte-mini-des-a-oursin\/\"><img loading=\"lazy\" decoding=\"async\" width=\"561\" height=\"1024\" src=\"https:\/\/steampunk-jg.fr\/wp-content\/uploads\/2021\/03\/DSCF4199-2-561x1024.jpg\" alt=\"\" class=\"wp-image-784\" srcset=\"https:\/\/steampunk-jg.fr\/wp-content\/uploads\/2021\/03\/DSCF4199-2-561x1024.jpg 561w, https:\/\/steampunk-jg.fr\/wp-content\/uploads\/2021\/03\/DSCF4199-2-164x300.jpg 164w, https:\/\/steampunk-jg.fr\/wp-content\/uploads\/2021\/03\/DSCF4199-2-768x1402.jpg 768w, https:\/\/steampunk-jg.fr\/wp-content\/uploads\/2021\/03\/DSCF4199-2-841x1536.jpg 841w, https:\/\/steampunk-jg.fr\/wp-content\/uploads\/2021\/03\/DSCF4199-2-1122x2048.jpg 1122w, https:\/\/steampunk-jg.fr\/wp-content\/uploads\/2021\/03\/DSCF4199-2-scaled.jpg 1402w\" sizes=\"(max-width: 561px) 100vw, 561px\" \/><\/a><\/figure>\n\n\n\n<p class=\"has-luminous-vivid-amber-color has-black-background-color has-text-color has-background has-medium-font-size\"><strong>Voyage \u00e0 la manivelle<\/strong>  Cliquez sur l&rsquo;image<\/p>\n\n\n\n<figure class=\"wp-block-image size-large\"><a href=\"https:\/\/steampunk-jg.fr\/index.php\/voyage-a-la-manivelle\/\"><img loading=\"lazy\" decoding=\"async\" width=\"1024\" height=\"1008\" src=\"https:\/\/steampunk-jg.fr\/wp-content\/uploads\/2021\/04\/DSCF4206-1-1024x1008.jpg\" alt=\"\" class=\"wp-image-829\" srcset=\"https:\/\/steampunk-jg.fr\/wp-content\/uploads\/2021\/04\/DSCF4206-1-1024x1008.jpg 1024w, https:\/\/steampunk-jg.fr\/wp-content\/uploads\/2021\/04\/DSCF4206-1-300x295.jpg 300w, https:\/\/steampunk-jg.fr\/wp-content\/uploads\/2021\/04\/DSCF4206-1-768x756.jpg 768w, https:\/\/steampunk-jg.fr\/wp-content\/uploads\/2021\/04\/DSCF4206-1-1536x1511.jpg 1536w, https:\/\/steampunk-jg.fr\/wp-content\/uploads\/2021\/04\/DSCF4206-1-2048x2015.jpg 2048w\" sizes=\"(max-width: 1024px) 100vw, 1024px\" \/><\/a><\/figure>\n","protected":false},"excerpt":{"rendered":"<p>Locomotive Box Cliquez sur l&rsquo;image Zoescope cin\u00e9matographe Cliquez sur l&rsquo;image Nautilus Cliquez sur l&rsquo;image SuperFulgur Quantique Cliquez sur l&rsquo;image Boite oeufoscopique \u00e0 compteur Cliquez sur l&rsquo;image Boite \u00e9checs de voyage Cliquez sur l&rsquo;image Porte mini d\u00e9s \u00e0 oursin Cliquez sur l&rsquo;image Voyage \u00e0 la manivelle Cliquez sur l&rsquo;image<\/p>\n","protected":false},"author":1,"featured_media":0,"parent":0,"menu_order":0,"comment_status":"closed","ping_status":"closed","template":"","meta":{"footnotes":""},"class_list":["post-523","page","type-page","status-publish","hentry"],"colors":{"color":"86644f","contrast":"255,255,255","custom":false},"jetpack_sharing_enabled":true,"_links":{"self":[{"href":"https:\/\/steampunk-jg.fr\/index.php\/wp-json\/wp\/v2\/pages\/523","targetHints":{"allow":["GET"]}}],"collection":[{"href":"https:\/\/steampunk-jg.fr\/index.php\/wp-json\/wp\/v2\/pages"}],"about":[{"href":"https:\/\/steampunk-jg.fr\/index.php\/wp-json\/wp\/v2\/types\/page"}],"author":[{"embeddable":true,"href":"https:\/\/steampunk-jg.fr\/index.php\/wp-json\/wp\/v2\/users\/1"}],"replies":[{"embeddable":true,"href":"https:\/\/steampunk-jg.fr\/index.php\/wp-json\/wp\/v2\/comments?post=523"}],"version-history":[{"count":0,"href":"https:\/\/steampunk-jg.fr\/index.php\/wp-json\/wp\/v2\/pages\/523\/revisions"}],"wp:attachment":[{"href":"https:\/\/steampunk-jg.fr\/index.php\/wp-json\/wp\/v2\/media?parent=523"}],"curies":[{"name":"wp","href":"https:\/\/api.w.org\/{rel}","templated":true}]}}