{"id":483,"date":"2021-03-24T15:42:46","date_gmt":"2021-03-24T14:42:46","guid":{"rendered":"https:\/\/steampunk-jg.fr\/?page_id=483"},"modified":"2021-03-27T16:24:17","modified_gmt":"2021-03-27T15:24:17","slug":"superfulgur-quantique","status":"publish","type":"page","link":"https:\/\/steampunk-jg.fr\/index.php\/superfulgur-quantique\/","title":{"rendered":"Superfulgur quantique"},"content":{"rendered":"\n<h2 class=\"wp-block-heading\"><span class=\"so-premium-web-font\" style=\"font-family: Ledger;\" data-web-font-module=\"google\" data-font-info=\"{&quot;font&quot;:&quot;Ledger&quot;,&quot;webfont&quot;:true,&quot;variant&quot;:null,&quot;module&quot;:&quot;google&quot;}\">Dimensions de la Sculpture : 9cm de long , 13cm de haut<\/span><\/h2>\n\n\n\n<h1 class=\"wp-block-heading\">Boite \u00e0 bijoux, boite \u00e0 d\u00e9s.<\/h1>\n\n\n\n<figure class=\"wp-block-image size-large\"><img fetchpriority=\"high\" decoding=\"async\" width=\"683\" height=\"1024\" src=\"https:\/\/steampunk-jg.fr\/wp-content\/uploads\/2021\/03\/DSCF4128-683x1024.jpg\" alt=\"\" class=\"wp-image-672\" srcset=\"https:\/\/steampunk-jg.fr\/wp-content\/uploads\/2021\/03\/DSCF4128-683x1024.jpg 683w, https:\/\/steampunk-jg.fr\/wp-content\/uploads\/2021\/03\/DSCF4128-200x300.jpg 200w, https:\/\/steampunk-jg.fr\/wp-content\/uploads\/2021\/03\/DSCF4128-768x1152.jpg 768w, https:\/\/steampunk-jg.fr\/wp-content\/uploads\/2021\/03\/DSCF4128-1024x1536.jpg 1024w, https:\/\/steampunk-jg.fr\/wp-content\/uploads\/2021\/03\/DSCF4128-1365x2048.jpg 1365w, https:\/\/steampunk-jg.fr\/wp-content\/uploads\/2021\/03\/DSCF4128-scaled.jpg 1707w\" sizes=\"(max-width: 683px) 100vw, 683px\" \/><\/figure>\n\n\n\n<figure class=\"wp-block-image size-large\"><img decoding=\"async\" width=\"683\" height=\"1024\" src=\"https:\/\/steampunk-jg.fr\/wp-content\/uploads\/2021\/03\/DSCF4129-683x1024.jpg\" alt=\"\" class=\"wp-image-673\" srcset=\"https:\/\/steampunk-jg.fr\/wp-content\/uploads\/2021\/03\/DSCF4129-683x1024.jpg 683w, https:\/\/steampunk-jg.fr\/wp-content\/uploads\/2021\/03\/DSCF4129-200x300.jpg 200w, https:\/\/steampunk-jg.fr\/wp-content\/uploads\/2021\/03\/DSCF4129-768x1152.jpg 768w, https:\/\/steampunk-jg.fr\/wp-content\/uploads\/2021\/03\/DSCF4129-1024x1536.jpg 1024w, https:\/\/steampunk-jg.fr\/wp-content\/uploads\/2021\/03\/DSCF4129-1365x2048.jpg 1365w, https:\/\/steampunk-jg.fr\/wp-content\/uploads\/2021\/03\/DSCF4129-scaled.jpg 1707w\" sizes=\"(max-width: 683px) 100vw, 683px\" \/><\/figure>\n\n\n\n<figure class=\"wp-block-image size-large\"><img decoding=\"async\" width=\"683\" height=\"1024\" src=\"https:\/\/steampunk-jg.fr\/wp-content\/uploads\/2021\/03\/DSCF4133-683x1024.jpg\" alt=\"\" class=\"wp-image-674\" srcset=\"https:\/\/steampunk-jg.fr\/wp-content\/uploads\/2021\/03\/DSCF4133-683x1024.jpg 683w, https:\/\/steampunk-jg.fr\/wp-content\/uploads\/2021\/03\/DSCF4133-200x300.jpg 200w, https:\/\/steampunk-jg.fr\/wp-content\/uploads\/2021\/03\/DSCF4133-768x1152.jpg 768w, https:\/\/steampunk-jg.fr\/wp-content\/uploads\/2021\/03\/DSCF4133-1024x1536.jpg 1024w, https:\/\/steampunk-jg.fr\/wp-content\/uploads\/2021\/03\/DSCF4133-1365x2048.jpg 1365w, https:\/\/steampunk-jg.fr\/wp-content\/uploads\/2021\/03\/DSCF4133-scaled.jpg 1707w\" sizes=\"(max-width: 683px) 100vw, 683px\" \/><\/figure>\n\n\n\n<figure class=\"wp-block-image size-large\"><img loading=\"lazy\" decoding=\"async\" width=\"1024\" height=\"899\" src=\"https:\/\/steampunk-jg.fr\/wp-content\/uploads\/2021\/03\/DSCF4130-1024x899.jpg\" alt=\"\" class=\"wp-image-675\" srcset=\"https:\/\/steampunk-jg.fr\/wp-content\/uploads\/2021\/03\/DSCF4130-1024x899.jpg 1024w, https:\/\/steampunk-jg.fr\/wp-content\/uploads\/2021\/03\/DSCF4130-300x263.jpg 300w, https:\/\/steampunk-jg.fr\/wp-content\/uploads\/2021\/03\/DSCF4130-768x675.jpg 768w, https:\/\/steampunk-jg.fr\/wp-content\/uploads\/2021\/03\/DSCF4130-1536x1349.jpg 1536w, https:\/\/steampunk-jg.fr\/wp-content\/uploads\/2021\/03\/DSCF4130-2048x1799.jpg 2048w\" sizes=\"(max-width: 1024px) 100vw, 1024px\" \/><\/figure>\n","protected":false},"excerpt":{"rendered":"<p>Dimensions de la Sculpture : 9cm de long , 13cm de haut Boite \u00e0 bijoux, boite \u00e0 d\u00e9s.<\/p>\n","protected":false},"author":1,"featured_media":0,"parent":0,"menu_order":0,"comment_status":"closed","ping_status":"closed","template":"","meta":{"footnotes":""},"class_list":["post-483","page","type-page","status-publish","hentry"],"colors":{"color":"6d6961","contrast":"255,255,255","custom":false},"jetpack_sharing_enabled":true,"_links":{"self":[{"href":"https:\/\/steampunk-jg.fr\/index.php\/wp-json\/wp\/v2\/pages\/483","targetHints":{"allow":["GET"]}}],"collection":[{"href":"https:\/\/steampunk-jg.fr\/index.php\/wp-json\/wp\/v2\/pages"}],"about":[{"href":"https:\/\/steampunk-jg.fr\/index.php\/wp-json\/wp\/v2\/types\/page"}],"author":[{"embeddable":true,"href":"https:\/\/steampunk-jg.fr\/index.php\/wp-json\/wp\/v2\/users\/1"}],"replies":[{"embeddable":true,"href":"https:\/\/steampunk-jg.fr\/index.php\/wp-json\/wp\/v2\/comments?post=483"}],"version-history":[{"count":0,"href":"https:\/\/steampunk-jg.fr\/index.php\/wp-json\/wp\/v2\/pages\/483\/revisions"}],"wp:attachment":[{"href":"https:\/\/steampunk-jg.fr\/index.php\/wp-json\/wp\/v2\/media?parent=483"}],"curies":[{"name":"wp","href":"https:\/\/api.w.org\/{rel}","templated":true}]}}