{"id":461,"date":"2021-03-24T14:51:42","date_gmt":"2021-03-24T13:51:42","guid":{"rendered":"https:\/\/steampunk-jg.fr\/?page_id=461"},"modified":"2021-03-24T15:11:34","modified_gmt":"2021-03-24T14:11:34","slug":"locomotive-box-2","status":"publish","type":"page","link":"https:\/\/steampunk-jg.fr\/index.php\/locomotive-box-2\/","title":{"rendered":"locomotive box"},"content":{"rendered":"<h2 style=\"text-align: center;\"><span class=\"so-premium-web-font\" style=\"font-family: Ledger;\" data-web-font-module=\"google\" data-font-info=\"{&quot;font&quot;:&quot;Ledger&quot;,&quot;webfont&quot;:true,&quot;variant&quot;:null,&quot;module&quot;:&quot;google&quot;}\">Dimensions de la Sculpture : 26cm de long , 21cm de haut<\/span><\/h2>\n<h1>Boite \u00e0 bijoux, boite \u00e0 d\u00e9s.<\/h1>\n<h1 style=\"text-align: center;\"><span class=\"so-premium-web-font\" style=\"font-family: Ledger;\" data-web-font-module=\"google\" data-font-info=\"{&quot;font&quot;:&quot;Ledger&quot;,&quot;webfont&quot;:true,&quot;variant&quot;:null,&quot;module&quot;:&quot;google&quot;}\"><img fetchpriority=\"high\" decoding=\"async\" class=\"alignleft wp-image-261 size-large\" src=\"https:\/\/steampunk-jg.fr\/wp-content\/uploads\/2021\/03\/DSCF3905-1024x886.jpg\" alt=\"\" width=\"525\" height=\"454\" srcset=\"https:\/\/steampunk-jg.fr\/wp-content\/uploads\/2021\/03\/DSCF3905-1024x886.jpg 1024w, https:\/\/steampunk-jg.fr\/wp-content\/uploads\/2021\/03\/DSCF3905-300x260.jpg 300w, https:\/\/steampunk-jg.fr\/wp-content\/uploads\/2021\/03\/DSCF3905-768x665.jpg 768w, https:\/\/steampunk-jg.fr\/wp-content\/uploads\/2021\/03\/DSCF3905-1536x1329.jpg 1536w, https:\/\/steampunk-jg.fr\/wp-content\/uploads\/2021\/03\/DSCF3905-2048x1773.jpg 2048w\" sizes=\"(max-width: 525px) 100vw, 525px\" \/><img decoding=\"async\" class=\"alignright wp-image-265 size-large\" src=\"https:\/\/steampunk-jg.fr\/wp-content\/uploads\/2021\/03\/DSCF3909-1024x621.jpg\" alt=\"\" width=\"525\" height=\"318\" srcset=\"https:\/\/steampunk-jg.fr\/wp-content\/uploads\/2021\/03\/DSCF3909-1024x621.jpg 1024w, https:\/\/steampunk-jg.fr\/wp-content\/uploads\/2021\/03\/DSCF3909-300x182.jpg 300w, https:\/\/steampunk-jg.fr\/wp-content\/uploads\/2021\/03\/DSCF3909-768x465.jpg 768w, https:\/\/steampunk-jg.fr\/wp-content\/uploads\/2021\/03\/DSCF3909-1536x931.jpg 1536w, https:\/\/steampunk-jg.fr\/wp-content\/uploads\/2021\/03\/DSCF3909-2048x1241.jpg 2048w\" sizes=\"(max-width: 525px) 100vw, 525px\" \/><img decoding=\"async\" class=\"alignleft wp-image-263 size-large\" src=\"https:\/\/steampunk-jg.fr\/wp-content\/uploads\/2021\/03\/DSCF3907-682x1024.jpg\" alt=\"\" width=\"525\" height=\"788\" srcset=\"https:\/\/steampunk-jg.fr\/wp-content\/uploads\/2021\/03\/DSCF3907-682x1024.jpg 682w, https:\/\/steampunk-jg.fr\/wp-content\/uploads\/2021\/03\/DSCF3907-200x300.jpg 200w, https:\/\/steampunk-jg.fr\/wp-content\/uploads\/2021\/03\/DSCF3907-768x1154.jpg 768w, https:\/\/steampunk-jg.fr\/wp-content\/uploads\/2021\/03\/DSCF3907-1023x1536.jpg 1023w, https:\/\/steampunk-jg.fr\/wp-content\/uploads\/2021\/03\/DSCF3907-1363x2048.jpg 1363w, https:\/\/steampunk-jg.fr\/wp-content\/uploads\/2021\/03\/DSCF3907-scaled.jpg 1704w\" sizes=\"(max-width: 525px) 100vw, 525px\" \/><img loading=\"lazy\" decoding=\"async\" class=\"alignright wp-image-268 size-large\" src=\"https:\/\/steampunk-jg.fr\/wp-content\/uploads\/2021\/03\/DSCF3912-1024x871.jpg\" alt=\"\" width=\"525\" height=\"447\" srcset=\"https:\/\/steampunk-jg.fr\/wp-content\/uploads\/2021\/03\/DSCF3912-1024x871.jpg 1024w, https:\/\/steampunk-jg.fr\/wp-content\/uploads\/2021\/03\/DSCF3912-300x255.jpg 300w, https:\/\/steampunk-jg.fr\/wp-content\/uploads\/2021\/03\/DSCF3912-768x653.jpg 768w, https:\/\/steampunk-jg.fr\/wp-content\/uploads\/2021\/03\/DSCF3912-1536x1306.jpg 1536w, https:\/\/steampunk-jg.fr\/wp-content\/uploads\/2021\/03\/DSCF3912-2048x1742.jpg 2048w\" sizes=\"(max-width: 525px) 100vw, 525px\" \/><img loading=\"lazy\" decoding=\"async\" class=\"alignleft wp-image-266 size-large\" src=\"https:\/\/steampunk-jg.fr\/wp-content\/uploads\/2021\/03\/DSCF3910-1024x649.jpg\" alt=\"\" width=\"525\" height=\"333\" srcset=\"https:\/\/steampunk-jg.fr\/wp-content\/uploads\/2021\/03\/DSCF3910-1024x649.jpg 1024w, https:\/\/steampunk-jg.fr\/wp-content\/uploads\/2021\/03\/DSCF3910-300x190.jpg 300w, https:\/\/steampunk-jg.fr\/wp-content\/uploads\/2021\/03\/DSCF3910-768x487.jpg 768w, https:\/\/steampunk-jg.fr\/wp-content\/uploads\/2021\/03\/DSCF3910-1536x973.jpg 1536w, https:\/\/steampunk-jg.fr\/wp-content\/uploads\/2021\/03\/DSCF3910-2048x1297.jpg 2048w\" sizes=\"(max-width: 525px) 100vw, 525px\" \/><\/span><\/h1>\n","protected":false},"excerpt":{"rendered":"<p>Dimensions de la Sculpture : 26cm de long , 21cm de haut Boite \u00e0 bijoux, boite \u00e0 d\u00e9s.<\/p>\n","protected":false},"author":1,"featured_media":0,"parent":0,"menu_order":0,"comment_status":"closed","ping_status":"closed","template":"","meta":{"footnotes":""},"class_list":["post-461","page","type-page","status-publish","hentry"],"colors":{"color":"8b6753","contrast":"255,255,255","custom":false},"jetpack_sharing_enabled":true,"_links":{"self":[{"href":"https:\/\/steampunk-jg.fr\/index.php\/wp-json\/wp\/v2\/pages\/461","targetHints":{"allow":["GET"]}}],"collection":[{"href":"https:\/\/steampunk-jg.fr\/index.php\/wp-json\/wp\/v2\/pages"}],"about":[{"href":"https:\/\/steampunk-jg.fr\/index.php\/wp-json\/wp\/v2\/types\/page"}],"author":[{"embeddable":true,"href":"https:\/\/steampunk-jg.fr\/index.php\/wp-json\/wp\/v2\/users\/1"}],"replies":[{"embeddable":true,"href":"https:\/\/steampunk-jg.fr\/index.php\/wp-json\/wp\/v2\/comments?post=461"}],"version-history":[{"count":0,"href":"https:\/\/steampunk-jg.fr\/index.php\/wp-json\/wp\/v2\/pages\/461\/revisions"}],"wp:attachment":[{"href":"https:\/\/steampunk-jg.fr\/index.php\/wp-json\/wp\/v2\/media?parent=461"}],"curies":[{"name":"wp","href":"https:\/\/api.w.org\/{rel}","templated":true}]}}