{"id":450,"date":"2021-03-24T08:35:04","date_gmt":"2021-03-24T07:35:04","guid":{"rendered":"https:\/\/steampunk-jg.fr\/?page_id=450"},"modified":"2021-03-24T15:11:55","modified_gmt":"2021-03-24T14:11:55","slug":"locomotive-box","status":"publish","type":"page","link":"https:\/\/steampunk-jg.fr\/index.php\/locomotive-box\/","title":{"rendered":"Nautilus"},"content":{"rendered":"<h2 style=\"text-align: center;\"><span class=\"so-premium-web-font\" style=\"font-family: Ledger;\" data-web-font-module=\"google\" data-font-info=\"{&quot;font&quot;:&quot;Ledger&quot;,&quot;webfont&quot;:true,&quot;variant&quot;:null,&quot;module&quot;:&quot;google&quot;}\">Dimensions de la Sculpture : 20,5cm de long , 25cm de haut<\/span><\/h2>\n<h1>Boite \u00e0 bijoux, boite \u00e0 d\u00e9s.<\/h1>\n<h1 style=\"text-align: center;\"><span class=\"so-premium-web-font\" style=\"font-family: Ledger;\" data-web-font-module=\"google\" data-font-info=\"{&quot;font&quot;:&quot;Ledger&quot;,&quot;webfont&quot;:true,&quot;variant&quot;:null,&quot;module&quot;:&quot;google&quot;}\"><img fetchpriority=\"high\" decoding=\"async\" class=\"alignleft wp-image-463 size-large\" src=\"https:\/\/steampunk-jg.fr\/wp-content\/uploads\/2021\/03\/DSCF4054-1-1024x883.jpg\" alt=\"\" width=\"525\" height=\"453\" srcset=\"https:\/\/steampunk-jg.fr\/wp-content\/uploads\/2021\/03\/DSCF4054-1-1024x883.jpg 1024w, https:\/\/steampunk-jg.fr\/wp-content\/uploads\/2021\/03\/DSCF4054-1-300x259.jpg 300w, https:\/\/steampunk-jg.fr\/wp-content\/uploads\/2021\/03\/DSCF4054-1-768x662.jpg 768w, https:\/\/steampunk-jg.fr\/wp-content\/uploads\/2021\/03\/DSCF4054-1-1536x1325.jpg 1536w, https:\/\/steampunk-jg.fr\/wp-content\/uploads\/2021\/03\/DSCF4054-1-2048x1767.jpg 2048w\" sizes=\"(max-width: 525px) 100vw, 525px\" \/><img decoding=\"async\" class=\"alignright wp-image-465 size-large\" src=\"https:\/\/steampunk-jg.fr\/wp-content\/uploads\/2021\/03\/DSCF4056-1024x683.jpg\" alt=\"\" width=\"525\" height=\"350\" srcset=\"https:\/\/steampunk-jg.fr\/wp-content\/uploads\/2021\/03\/DSCF4056-1024x683.jpg 1024w, https:\/\/steampunk-jg.fr\/wp-content\/uploads\/2021\/03\/DSCF4056-300x200.jpg 300w, https:\/\/steampunk-jg.fr\/wp-content\/uploads\/2021\/03\/DSCF4056-768x512.jpg 768w, https:\/\/steampunk-jg.fr\/wp-content\/uploads\/2021\/03\/DSCF4056-1536x1024.jpg 1536w, https:\/\/steampunk-jg.fr\/wp-content\/uploads\/2021\/03\/DSCF4056-2048x1365.jpg 2048w, https:\/\/steampunk-jg.fr\/wp-content\/uploads\/2021\/03\/DSCF4056-272x182.jpg 272w\" sizes=\"(max-width: 525px) 100vw, 525px\" \/><img decoding=\"async\" class=\"alignright wp-image-469 size-large\" src=\"https:\/\/steampunk-jg.fr\/wp-content\/uploads\/2021\/03\/DSCF4061-683x1024.jpg\" alt=\"\" width=\"525\" height=\"787\" srcset=\"https:\/\/steampunk-jg.fr\/wp-content\/uploads\/2021\/03\/DSCF4061-683x1024.jpg 683w, https:\/\/steampunk-jg.fr\/wp-content\/uploads\/2021\/03\/DSCF4061-200x300.jpg 200w, https:\/\/steampunk-jg.fr\/wp-content\/uploads\/2021\/03\/DSCF4061-768x1152.jpg 768w, https:\/\/steampunk-jg.fr\/wp-content\/uploads\/2021\/03\/DSCF4061-1024x1536.jpg 1024w, https:\/\/steampunk-jg.fr\/wp-content\/uploads\/2021\/03\/DSCF4061-1365x2048.jpg 1365w, https:\/\/steampunk-jg.fr\/wp-content\/uploads\/2021\/03\/DSCF4061-scaled.jpg 1707w\" sizes=\"(max-width: 525px) 100vw, 525px\" \/><img loading=\"lazy\" decoding=\"async\" class=\"alignleft wp-image-468 size-large\" src=\"https:\/\/steampunk-jg.fr\/wp-content\/uploads\/2021\/03\/DSCF4059-806x1024.jpg\" alt=\"\" width=\"525\" height=\"667\" srcset=\"https:\/\/steampunk-jg.fr\/wp-content\/uploads\/2021\/03\/DSCF4059-806x1024.jpg 806w, https:\/\/steampunk-jg.fr\/wp-content\/uploads\/2021\/03\/DSCF4059-236x300.jpg 236w, https:\/\/steampunk-jg.fr\/wp-content\/uploads\/2021\/03\/DSCF4059-768x976.jpg 768w, https:\/\/steampunk-jg.fr\/wp-content\/uploads\/2021\/03\/DSCF4059-1209x1536.jpg 1209w, https:\/\/steampunk-jg.fr\/wp-content\/uploads\/2021\/03\/DSCF4059-1612x2048.jpg 1612w, https:\/\/steampunk-jg.fr\/wp-content\/uploads\/2021\/03\/DSCF4059.jpg 1743w\" sizes=\"(max-width: 525px) 100vw, 525px\" \/><img loading=\"lazy\" decoding=\"async\" class=\"alignleft wp-image-470 size-large\" src=\"https:\/\/steampunk-jg.fr\/wp-content\/uploads\/2021\/03\/DSCF4064-1024x928.jpg\" alt=\"\" width=\"525\" height=\"476\" srcset=\"https:\/\/steampunk-jg.fr\/wp-content\/uploads\/2021\/03\/DSCF4064-1024x928.jpg 1024w, https:\/\/steampunk-jg.fr\/wp-content\/uploads\/2021\/03\/DSCF4064-300x272.jpg 300w, https:\/\/steampunk-jg.fr\/wp-content\/uploads\/2021\/03\/DSCF4064-768x696.jpg 768w, https:\/\/steampunk-jg.fr\/wp-content\/uploads\/2021\/03\/DSCF4064-1536x1392.jpg 1536w, https:\/\/steampunk-jg.fr\/wp-content\/uploads\/2021\/03\/DSCF4064.jpg 1808w\" sizes=\"(max-width: 525px) 100vw, 525px\" \/><\/span><\/h1>\n","protected":false},"excerpt":{"rendered":"<p>Dimensions de la Sculpture : 20,5cm de long , 25cm de haut Boite \u00e0 bijoux, boite \u00e0 d\u00e9s.<\/p>\n","protected":false},"author":1,"featured_media":0,"parent":0,"menu_order":0,"comment_status":"closed","ping_status":"closed","template":"","meta":{"footnotes":""},"class_list":["post-450","page","type-page","status-publish","hentry"],"colors":{"color":"98746a","contrast":"0,0,0","custom":false},"jetpack_sharing_enabled":true,"_links":{"self":[{"href":"https:\/\/steampunk-jg.fr\/index.php\/wp-json\/wp\/v2\/pages\/450","targetHints":{"allow":["GET"]}}],"collection":[{"href":"https:\/\/steampunk-jg.fr\/index.php\/wp-json\/wp\/v2\/pages"}],"about":[{"href":"https:\/\/steampunk-jg.fr\/index.php\/wp-json\/wp\/v2\/types\/page"}],"author":[{"embeddable":true,"href":"https:\/\/steampunk-jg.fr\/index.php\/wp-json\/wp\/v2\/users\/1"}],"replies":[{"embeddable":true,"href":"https:\/\/steampunk-jg.fr\/index.php\/wp-json\/wp\/v2\/comments?post=450"}],"version-history":[{"count":0,"href":"https:\/\/steampunk-jg.fr\/index.php\/wp-json\/wp\/v2\/pages\/450\/revisions"}],"wp:attachment":[{"href":"https:\/\/steampunk-jg.fr\/index.php\/wp-json\/wp\/v2\/media?parent=450"}],"curies":[{"name":"wp","href":"https:\/\/api.w.org\/{rel}","templated":true}]}}