{"id":392,"date":"2021-03-23T17:27:08","date_gmt":"2021-03-23T16:27:08","guid":{"rendered":"https:\/\/steampunk-jg.fr\/?page_id=392"},"modified":"2021-04-27T17:38:51","modified_gmt":"2021-04-27T15:38:51","slug":"serie-sculptures-b","status":"publish","type":"page","link":"https:\/\/steampunk-jg.fr\/index.php\/serie-sculptures-b\/","title":{"rendered":"s\u00e9rie sculptures B"},"content":{"rendered":"\n<div class=\"wp-block-columns is-layout-flex wp-container-core-columns-is-layout-9d6595d7 wp-block-columns-is-layout-flex\">\n<div class=\"wp-block-column is-layout-flow wp-block-column-is-layout-flow\">\n<p><\/p>\n\n\n\n<figure class=\"wp-block-image size-medium is-resized\"><a href=\"https:\/\/steampunk-jg.fr\/index.php\/deregleur-dorbite-planetaire\/\"><img fetchpriority=\"high\" decoding=\"async\" src=\"https:\/\/steampunk-jg.fr\/wp-content\/uploads\/2021\/03\/DSCF4166-300x250.jpg\" alt=\"\" class=\"wp-image-742\" width=\"300\" height=\"250\" srcset=\"https:\/\/steampunk-jg.fr\/wp-content\/uploads\/2021\/03\/DSCF4166-300x250.jpg 300w, https:\/\/steampunk-jg.fr\/wp-content\/uploads\/2021\/03\/DSCF4166-1024x855.jpg 1024w, https:\/\/steampunk-jg.fr\/wp-content\/uploads\/2021\/03\/DSCF4166-768x641.jpg 768w, https:\/\/steampunk-jg.fr\/wp-content\/uploads\/2021\/03\/DSCF4166-1536x1282.jpg 1536w, https:\/\/steampunk-jg.fr\/wp-content\/uploads\/2021\/03\/DSCF4166-2048x1710.jpg 2048w\" sizes=\"(max-width: 300px) 100vw, 300px\" \/><\/a><\/figure>\n\n\n\n<p class=\"has-luminous-vivid-amber-color has-black-background-color has-text-color has-background has-normal-font-size\"><strong>D\u00e9r\u00e8gleur d&rsquo;orbite plan\u00e9taire<\/strong>  cliquez sur l&rsquo;image<\/p>\n\n\n\n<p><\/p>\n\n\n\n<figure class=\"wp-block-image size-large\"><a href=\"https:\/\/steampunk-jg.fr\/index.php\/compas-de-marine-a-des\/\"><img decoding=\"async\" width=\"683\" height=\"1024\" src=\"https:\/\/steampunk-jg.fr\/wp-content\/uploads\/2021\/03\/DSCF4170-1-683x1024.jpg\" alt=\"\" class=\"wp-image-740\" srcset=\"https:\/\/steampunk-jg.fr\/wp-content\/uploads\/2021\/03\/DSCF4170-1-683x1024.jpg 683w, https:\/\/steampunk-jg.fr\/wp-content\/uploads\/2021\/03\/DSCF4170-1-200x300.jpg 200w, https:\/\/steampunk-jg.fr\/wp-content\/uploads\/2021\/03\/DSCF4170-1-768x1152.jpg 768w, https:\/\/steampunk-jg.fr\/wp-content\/uploads\/2021\/03\/DSCF4170-1-1024x1536.jpg 1024w, https:\/\/steampunk-jg.fr\/wp-content\/uploads\/2021\/03\/DSCF4170-1-1365x2048.jpg 1365w, https:\/\/steampunk-jg.fr\/wp-content\/uploads\/2021\/03\/DSCF4170-1-scaled.jpg 1707w\" sizes=\"(max-width: 683px) 100vw, 683px\" \/><\/a><\/figure>\n\n\n\n<p class=\"has-luminous-vivid-amber-color has-black-background-color has-text-color has-background has-normal-font-size\"><strong>Compas de marine \u00e0 d\u00e9s<\/strong>  Cliquez sur l&rsquo;image<\/p>\n\n\n\n<p> <\/p>\n\n\n\n<p class=\"has-luminous-vivid-amber-color has-black-background-color has-text-color has-background has-medium-font-size\">BI MOTEUR PORTATIF  cliquez sur l&rsquo;image<\/p>\n\n\n\n<figure class=\"wp-block-image size-large\"><a href=\"https:\/\/steampunk-jg.fr\/index.php\/bi-moteur-portatif\/\"><img decoding=\"async\" width=\"1024\" height=\"816\" src=\"https:\/\/steampunk-jg.fr\/wp-content\/uploads\/2021\/04\/DSCF4220-1024x816.jpg\" alt=\"\" class=\"wp-image-838\" srcset=\"https:\/\/steampunk-jg.fr\/wp-content\/uploads\/2021\/04\/DSCF4220-1024x816.jpg 1024w, https:\/\/steampunk-jg.fr\/wp-content\/uploads\/2021\/04\/DSCF4220-300x239.jpg 300w, https:\/\/steampunk-jg.fr\/wp-content\/uploads\/2021\/04\/DSCF4220-768x612.jpg 768w, https:\/\/steampunk-jg.fr\/wp-content\/uploads\/2021\/04\/DSCF4220-1536x1225.jpg 1536w, https:\/\/steampunk-jg.fr\/wp-content\/uploads\/2021\/04\/DSCF4220-2048x1633.jpg 2048w\" sizes=\"(max-width: 1024px) 100vw, 1024px\" \/><\/a><\/figure>\n<\/div>\n\n\n\n<div class=\"wp-block-column is-layout-flow wp-block-column-is-layout-flow\">\n<figure class=\"wp-block-image size-large\"><a href=\"https:\/\/steampunk-jg.fr\/index.php\/capteur-a-des\/\"><img loading=\"lazy\" decoding=\"async\" width=\"683\" height=\"1024\" src=\"https:\/\/steampunk-jg.fr\/wp-content\/uploads\/2021\/03\/DSCF3250-683x1024.jpg\" alt=\"\" class=\"wp-image-406\" srcset=\"https:\/\/steampunk-jg.fr\/wp-content\/uploads\/2021\/03\/DSCF3250-683x1024.jpg 683w, https:\/\/steampunk-jg.fr\/wp-content\/uploads\/2021\/03\/DSCF3250-200x300.jpg 200w, https:\/\/steampunk-jg.fr\/wp-content\/uploads\/2021\/03\/DSCF3250-768x1152.jpg 768w, https:\/\/steampunk-jg.fr\/wp-content\/uploads\/2021\/03\/DSCF3250-1024x1536.jpg 1024w, https:\/\/steampunk-jg.fr\/wp-content\/uploads\/2021\/03\/DSCF3250-1365x2048.jpg 1365w, https:\/\/steampunk-jg.fr\/wp-content\/uploads\/2021\/03\/DSCF3250-scaled.jpg 1707w\" sizes=\"(max-width: 683px) 100vw, 683px\" \/><\/a><\/figure>\n\n\n\n<p class=\"has-luminous-vivid-amber-color has-black-background-color has-text-color has-background has-medium-font-size\"> <strong>capteur \u00e0 d\u00e9s<\/strong>  Cliquez sur l&rsquo;image<\/p>\n\n\n\n<p><\/p>\n\n\n\n<p><\/p>\n\n\n\n<p><\/p>\n\n\n\n<p><\/p>\n\n\n\n<p><\/p>\n\n\n\n<p> <\/p>\n<\/div>\n<\/div>\n\n\n\n<p>&nbsp;<\/p>\n","protected":false},"excerpt":{"rendered":"<p>D\u00e9r\u00e8gleur d&rsquo;orbite plan\u00e9taire cliquez sur l&rsquo;image Compas de marine \u00e0 d\u00e9s Cliquez sur l&rsquo;image BI MOTEUR PORTATIF cliquez sur l&rsquo;image capteur \u00e0 d\u00e9s Cliquez sur l&rsquo;image &nbsp;<\/p>\n","protected":false},"author":1,"featured_media":0,"parent":0,"menu_order":0,"comment_status":"closed","ping_status":"closed","template":"","meta":{"footnotes":""},"class_list":["post-392","page","type-page","status-publish","hentry"],"colors":{"color":"cac3b8","contrast":"0,0,0","custom":false},"jetpack_sharing_enabled":true,"_links":{"self":[{"href":"https:\/\/steampunk-jg.fr\/index.php\/wp-json\/wp\/v2\/pages\/392","targetHints":{"allow":["GET"]}}],"collection":[{"href":"https:\/\/steampunk-jg.fr\/index.php\/wp-json\/wp\/v2\/pages"}],"about":[{"href":"https:\/\/steampunk-jg.fr\/index.php\/wp-json\/wp\/v2\/types\/page"}],"author":[{"embeddable":true,"href":"https:\/\/steampunk-jg.fr\/index.php\/wp-json\/wp\/v2\/users\/1"}],"replies":[{"embeddable":true,"href":"https:\/\/steampunk-jg.fr\/index.php\/wp-json\/wp\/v2\/comments?post=392"}],"version-history":[{"count":0,"href":"https:\/\/steampunk-jg.fr\/index.php\/wp-json\/wp\/v2\/pages\/392\/revisions"}],"wp:attachment":[{"href":"https:\/\/steampunk-jg.fr\/index.php\/wp-json\/wp\/v2\/media?parent=392"}],"curies":[{"name":"wp","href":"https:\/\/api.w.org\/{rel}","templated":true}]}}